{"id":335,"date":"2021-02-03T11:26:25","date_gmt":"2021-02-03T11:26:25","guid":{"rendered":"https:\/\/www.angocasa.com\/seguros\/?page_id=335"},"modified":"2023-11-14T10:40:41","modified_gmt":"2023-11-14T10:40:41","slug":"home-page-1","status":"publish","type":"page","link":"https:\/\/www.angocasa.com\/seguros\/","title":{"rendered":"AngoCasa Seguros"},"content":{"rendered":"<p>[vc_row full_width=&#8221;stretch_row&#8221; css=&#8221;.vc_custom_1464960365705{border-bottom-width: 1px !important;background-color: rgba(238,240,241,0.6) !important;*background-color: rgb(238,240,241) !important;border-bottom-color: #eaebeb !important;border-bottom-style: solid !important;}&#8221;][vc_column css=&#8221;.vc_custom_1464960233685{padding-top: 0.9em !important;padding-bottom: 1em !important;}&#8221;]<div class=\"sc_section margin_top_medium margin_bottom_medium\"><div class=\"sc_section_inner\"><h2 class=\"sc_section_title sc_item_title\">Descubra a seguran\u00e7a de proteger o que importa<\/h2><div class=\"sc_section_content_wrap\">[vc_column_text]Cada casa \u00e9 preenchida com objectos e estes representam momentos, hist\u00f3rias, sentimentos, que d\u00e3o vida ao nosso lar. Al\u00e9m disso, representam os nossos esfor\u00e7os e as conquistas do nosso trabalho \u00e1rduo. O Pack Recheio \u00e9 um Seguro Multirriscos Habita\u00e7\u00e3o, que protege exclusivamente o recheio da sua casa, garantindo o capital seguro para o recheio de 5.000.000 de Kwanzas.<\/p>\n<p>Est\u00e3o automaticamente inclu\u00eddos objectos especiais, tais como aparelhagens, j\u00f3ias, quadros, antiguidades, entre outros, at\u00e9 o valor de 150.000 AOA por objecto, conjunto ou colec\u00e7\u00e3o e 700.000 AOA em agregado.[\/vc_column_text]<\/div><\/div><\/div>[\/vc_column][\/vc_row][vc_row full_width=&#8221;stretch_row&#8221;][vc_column css=&#8221;.vc_custom_1464963226998{padding-top: 0.9em !important;padding-bottom: 1.05em !important;}&#8221;][vc_single_image image=&#8221;1093&#8243; img_size=&#8221;700&#215;210&#8243; alignment=&#8221;center&#8221; css=&#8221;.vc_custom_1696589119207{padding-top: 50px !important;}&#8221;]<div class=\"sc_section margin_top_medium margin_bottom_medium scheme_original\" style=\"color:#e41d25;\"><div class=\"sc_section_inner\"><h2 class=\"sc_section_title sc_item_title\">Trabalhamos com uma das seguradores mais reputadas de Angola!<\/h2><h5 class=\"sc_section_subtitle sc_item_subtitle\">A Fidelidade \u00e9 a nossa principal parceira!<\/h5><div class=\"sc_section_content_wrap\"><\/div><\/div><\/div>[\/vc_column][\/vc_row][vc_row full_width=&#8221;stretch_row&#8221; inverse=&#8221;yes&#8221; css=&#8221;.vc_custom_1692782319379{background-image: url(https:\/\/www.angocasa.com\/seguros\/wp-content\/uploads\/2023\/08\/banner-landing-seguros-1.jpg?id=1052) !important;background-position: center !important;background-repeat: no-repeat !important;background-size: cover !important;}&#8221;][vc_column width=&#8221;5\/12&#8243; css=&#8221;.vc_custom_1465028771450{padding-top: 1.5em !important;padding-bottom: 2.85em !important;}&#8221;]<div class=\"sc_section margin_top_huge margin_bottom_huge alignleft\"><div class=\"sc_section_inner\"><h2 class=\"sc_section_title sc_item_title\">Receba a sua proposta de seguro Pack Recheio<\/h2><div class=\"sc_section_descr sc_item_descr\">Contacte agora e receba toda a informa\u00e7\u00e3o<\/div><div class=\"sc_section_content_wrap\">[vc_column_text el_id=&#8221;button_mais&#8221;]<a href=\"#ninja-popup-948\" class=\"snppopup-content\" rel=\"948\"> <img loading=\"lazy\" decoding=\"async\" class=\"alignnone size-full wp-image-107\" title=\"banner2\" src=\"https:\/\/www.angocasa.com\/seguros\/wp-content\/uploads\/2023\/10\/botao.png\" alt=\"botao informa\u00e7\u00e3o seguros\" width=\"280\" height=\"67\" \/>  <\/a>[\/vc_column_text]<\/div><\/div><\/div>[\/vc_column][\/vc_row][vc_row full_width=&#8221;stretch_row&#8221; css=&#8221;.vc_custom_1465044692855{border-bottom-width: 1px !important;background-color: #f5f6f7 !important;border-bottom-color: #e7e8e9 !important;border-bottom-style: solid !important;}&#8221;][vc_column css=&#8221;.vc_custom_1465044979503{padding-top: 1em !important;}&#8221;]<div class=\"sc_section margin_top_huge\"><div class=\"sc_section_inner\"><h2 class=\"sc_section_title sc_item_title\">Vantagens do Seguro Pack Recheio da Fidelidade<\/h2><div class=\"sc_section_content_wrap\"><div id=\"sc_services_173510101_wrap\" class=\"sc_services_wrap\"><div id=\"sc_services_173510101\" class=\"sc_services sc_services_style_services-5 sc_services_type_icons  margin_top_tiny margin_bottom_small\" style=\"width:100%;\"><div class=\"sc_service_container sc_align_\"><div class=\"sc_services_image\"><img decoding=\"async\" src=\"https:\/\/www.angocasa.com\/seguros\/wp-content\/uploads\/2021\/02\/angolana-seguros-transparent.png\" alt=\"angolana-seguros-transparent\"><\/div><div class=\"sc_columns columns_wrap\"><div class=\"column-1_2 column_padding_bottom\">\t\t\t<div id=\"sc_services_173510101_1\"\t\t\t\tclass=\"sc_services_item sc_services_item_1 odd first\"\n\t\t\t\t>\n\t\t\t\t<a href=\"https:\/\/www.angocasa.com\/seguros\/services\/gratis-sem-compromisso\/\"><span class=\"sc_icon icon-icon2-1\"><\/span><\/a>\t\t\t\t<div class=\"sc_services_item_content\">\n\t\t\t\t\t<h4 class=\"sc_services_item_title\"><a href=\"https:\/\/www.angocasa.com\/seguros\/services\/gratis-sem-compromisso\/\">Capital pre\u0301-definido<\/a><\/h4>\n\t\t\t\t\t<div class=\"sc_services_item_description\">\n\t\t\t\t\t\t<p>Capital pre\u0301-definido, sem necessidade de calcular o valor exacto do recheio da casa, sem necessidade de discriminar os bens<\/p>\t\t\t\t\t<\/div>\n\t\t\t\t<\/div>\n\t\t\t<\/div>\n\t\t<\/div><div class=\"column-1_2 column_padding_bottom\">\t\t\t<div id=\"sc_services_173510101_2\"\t\t\t\tclass=\"sc_services_item sc_services_item_2 even\"\n\t\t\t\t>\n\t\t\t\t<a href=\"https:\/\/www.angocasa.com\/seguros\/services\/parceiros-confianca\/\"><span class=\"sc_icon icon-icon2-1\"><\/span><\/a>\t\t\t\t<div class=\"sc_services_item_content\">\n\t\t\t\t\t<h4 class=\"sc_services_item_title\"><a href=\"https:\/\/www.angocasa.com\/seguros\/services\/parceiros-confianca\/\">Franquia de valor fixo<\/a><\/h4>\n\t\t\t\t\t<div class=\"sc_services_item_description\">\n\t\t\t\t\t\t<p>Franquia de valor fixo que permite ao cliente saber exactamente o valor a seu cargo em caso de sinistro;<\/p>\t\t\t\t\t<\/div>\n\t\t\t\t<\/div>\n\t\t\t<\/div>\n\t\t<\/div><div class=\"column-1_2 column_padding_bottom\">\t\t\t<div id=\"sc_services_173510101_3\"\t\t\t\tclass=\"sc_services_item sc_services_item_3 odd\"\n\t\t\t\t>\n\t\t\t\t<a href=\"https:\/\/www.angocasa.com\/seguros\/services\/poupar-no-seguro\/\"><span class=\"sc_icon icon-icon2-1\"><\/span><\/a>\t\t\t\t<div class=\"sc_services_item_content\">\n\t\t\t\t\t<h4 class=\"sc_services_item_title\"><a href=\"https:\/\/www.angocasa.com\/seguros\/services\/poupar-no-seguro\/\">Rapidez<\/a><\/h4>\n\t\t\t\t\t<div class=\"sc_services_item_description\">\n\t\t\t\t\t\t<p>Proposta com preenchimento simples e r\u00e1pido<\/p>\t\t\t\t\t<\/div>\n\t\t\t\t<\/div>\n\t\t\t<\/div>\n\t\t<\/div><div class=\"column-1_2 column_padding_bottom\">\t\t\t<div id=\"sc_services_173510101_4\"\t\t\t\tclass=\"sc_services_item sc_services_item_4 even\"\n\t\t\t\t>\n\t\t\t\t<a href=\"https:\/\/www.angocasa.com\/seguros\/services\/rapidez\/\"><span class=\"sc_icon icon-icon2-1\"><\/span><\/a>\t\t\t\t<div class=\"sc_services_item_content\">\n\t\t\t\t\t<h4 class=\"sc_services_item_title\"><a href=\"https:\/\/www.angocasa.com\/seguros\/services\/rapidez\/\">Simplicidade<\/a><\/h4>\n\t\t\t\t\t<div class=\"sc_services_item_description\">\n\t\t\t\t\t\t<p>Oferta mais simples e clara ao cliente<\/p>\t\t\t\t\t<\/div>\n\t\t\t\t<\/div>\n\t\t\t<\/div>\n\t\t<\/div><\/div><\/div><\/div><!-- \/.sc_services --><\/div><!-- \/.sc_services_wrap --><\/div><\/div><\/div>[\/vc_column][\/vc_row][vc_row][vc_column css=&#8221;.vc_custom_1465204913695{padding-top: 1.1em !important;padding-bottom: 0.6em !important;}&#8221;]<div class=\"sc_section margin_top_huge margin_bottom_medium\"><div class=\"sc_section_inner\"><h2 class=\"sc_section_title sc_item_title\">OPINI\u00d5ES DE QUEM J\u00c1 UTILIZOU O SERVI\u00c7O DE SEGUROS DA ANGOCASA<\/h2><h5 class=\"sc_section_subtitle sc_item_subtitle\">Testemunhos de clientes satisfeitos!<\/h5><div class=\"sc_section_content_wrap\"><div id=\"sc_testimonials_883742765\" class=\"sc_testimonials sc_testimonials_style_testimonials-1 \" style=\"width:100%;\"><div class=\"sc_slider_swiper swiper-slider-container sc_slider_pagination sc_slider_pagination_bottom sc_slider_controls\" data-interval=\"7270\" data-slides-per-view=\"3\" data-slides-space=\"30\" data-slides-min-width=\"250\"><div class=\"slides swiper-wrapper\"><div class=\"swiper-slide\" data-style=\"width:100%;\" style=\"width:100%;\">\t\t\t<div id=\"sc_testimonials_883742765_1\" class=\"sc_testimonial_item\">\n\t\t\t\t<div class=\"sc_testimonial_content\"><p>Obrigado pelo apoio que nos deram! Finalmente conseguimos o seguro que procur\u00e1vamos para a nossa habita\u00e7\u00e3o.<\/p>\n<\/div>\n\t\t\t\t\t\t\t\t<div class=\"sc_testimonial_avatar\"><img loading=\"lazy\" decoding=\"async\" class=\"wp-post-image\" width=\"75\" height=\"75\" alt=\"Gaspar Dala\" src=\"https:\/\/www.angocasa.com\/seguros\/wp-content\/uploads\/2016\/06\/testemunho_02-75x75.jpg\"><\/div>\n\t\t\t\t\t\t\t\t\t\t\t\t<div class=\"sc_testimonial_author\"><a href=\"#\" class=\"sc_testimonial_author_name\">Gaspar Dala<\/a><span class=\"sc_testimonial_author_position\">Luanda<\/span><\/div>\n\t\t\t\t\t\t\t<\/div>\n\t\t<\/div><div class=\"swiper-slide\" data-style=\"width:100%;\" style=\"width:100%;\">\t\t\t<div id=\"sc_testimonials_883742765_2\" class=\"sc_testimonial_item\">\n\t\t\t\t<div class=\"sc_testimonial_content\"><p>Aqui consegui encontrar toda a informa\u00e7\u00e3o que precisava e sinto que escolhi o melhor seguro de Recheio para mim.<\/p>\n<\/div>\n\t\t\t\t\t\t\t\t<div class=\"sc_testimonial_avatar\"><img loading=\"lazy\" decoding=\"async\" class=\"wp-post-image\" width=\"75\" height=\"75\" alt=\"N\u00faria Pedro\" src=\"https:\/\/www.angocasa.com\/seguros\/wp-content\/uploads\/2016\/06\/testimonials-2-75x75.jpg\"><\/div>\n\t\t\t\t\t\t\t\t\t\t\t\t<div class=\"sc_testimonial_author\"><a href=\"#\" class=\"sc_testimonial_author_name\">N\u00faria Pedro<\/a><span class=\"sc_testimonial_author_position\">Luanda<\/span><\/div>\n\t\t\t\t\t\t\t<\/div>\n\t\t<\/div><div class=\"swiper-slide\" data-style=\"width:100%;\" style=\"width:100%;\">\t\t\t<div id=\"sc_testimonials_883742765_3\" class=\"sc_testimonial_item\">\n\t\t\t\t<div class=\"sc_testimonial_content\"><p>No AngoCasa Seguros \u00e9 f\u00e1cil encontrarmos toda a informa\u00e7\u00e3o sobre seguros. Poupei muito tempo!<\/p>\n<\/div>\n\t\t\t\t\t\t\t\t<div class=\"sc_testimonial_avatar\"><img loading=\"lazy\" decoding=\"async\" class=\"wp-post-image\" width=\"75\" height=\"75\" alt=\"M\u00e1rio Patr\u00edcio\" src=\"https:\/\/www.angocasa.com\/seguros\/wp-content\/uploads\/2016\/06\/testemunho_01-75x75.jpg\"><\/div>\n\t\t\t\t\t\t\t\t\t\t\t\t<div class=\"sc_testimonial_author\"><a href=\"#\" class=\"sc_testimonial_author_name\">M\u00e1rio Patr\u00edcio<\/a><span class=\"sc_testimonial_author_position\">Lobito<\/span><\/div>\n\t\t\t\t\t\t\t<\/div>\n\t\t<\/div><\/div><div class=\"sc_slider_controls_wrap\"><a class=\"sc_slider_prev\" href=\"#\"><\/a><div class=\"sc_slider_pagination_wrap\"><\/div><a class=\"sc_slider_next\" href=\"#\"><\/a><\/div><\/div><\/div><\/div><\/div><\/div>[\/vc_column][\/vc_row][vc_row full_width=&#8221;stretch_row&#8221; inverse=&#8221;yes&#8221; css=&#8221;.vc_custom_1697636226535{background-color: #e42312 !important;}&#8221;][vc_column width=&#8221;1\/6&#8243;][\/vc_column][vc_column width=&#8221;2\/3&#8243; css=&#8221;.vc_custom_1697636393565{padding-top: 0px !important;padding-bottom: 1.5em !important;}&#8221;][vc_single_image image=&#8221;1110&#8243; img_size=&#8221;full&#8221; alignment=&#8221;center&#8221;]<div class=\"sc_section margin_top_small margin_bottom_medium\" style=\"font-size:12px; line-height: 1.3em;\"><div class=\"sc_section_inner\"><h2 class=\"sc_section_title sc_item_title\">RECEBA AGORA A SUA PROPOSTA DO SEGURO PACK RECHEIO<\/h2><div class=\"sc_section_content_wrap\"><\/div><\/div><\/div>[vc_column_text]<\/p>\n<p style=\"text-align: center;\"><a href=\"#ninja-popup-948\" class=\"snppopup-content\" rel=\"948\"> <img loading=\"lazy\" decoding=\"async\" class=\"alignnone size-full wp-image-107\" title=\"banner2\" src=\"https:\/\/www.angocasa.com\/seguros\/wp-content\/uploads\/2023\/10\/botao-cinzento.png\" alt=\"botao informa\u00e7\u00e3o seguros\" width=\"350\" height=\"67\" \/>  <\/a><\/p>\n<p>[\/vc_column_text][\/vc_column][\/vc_row]<\/p>\n","protected":false},"excerpt":{"rendered":"<p>[vc_row full_width=&#8221;stretch_row&#8221; css=&#8221;.vc_custom_1464960365705{border-bottom-width: 1px !important;background-color: rgba(238,240,241,0.6) !important;*background-color: rgb(238,240,241) !important;border-bottom-color: #eaebeb !important;border-bottom-style: solid !important;}&#8221;][vc_column css=&#8221;.vc_custom_1464960233685{padding-top: 0.9em !important;padding-bottom: 1em !important;}&#8221;][\/vc_column][\/vc_row][vc_row full_width=&#8221;stretch_row&#8221;][vc_column css=&#8221;.vc_custom_1464963226998{padding-top: 0.9em !important;padding-bottom: 1.05em !important;}&#8221;][vc_single_image image=&#8221;1093&#8243; img_size=&#8221;700&#215;210&#8243; alignment=&#8221;center&#8221; css=&#8221;.vc_custom_1696589119207{padding-top: 50px !important;}&#8221;][\/vc_column][\/vc_row][vc_row full_width=&#8221;stretch_row&#8221; inverse=&#8221;yes&#8221; css=&#8221;.vc_custom_1692782319379{background-image: url(https:\/\/www.angocasa.com\/seguros\/wp-content\/uploads\/2023\/08\/banner-landing-seguros-1.jpg?id=1052) !important;background-position: center !important;background-repeat: no-repeat !important;background-size: cover !important;}&#8221;][vc_column width=&#8221;5\/12&#8243; css=&#8221;.vc_custom_1465028771450{padding-top: 1.5em !important;padding-bottom: 2.85em !important;}&#8221;][\/vc_column][\/vc_row][vc_row full_width=&#8221;stretch_row&#8221; css=&#8221;.vc_custom_1465044692855{border-bottom-width: 1px !important;background-color: #f5f6f7 !important;border-bottom-color: #e7e8e9 !important;border-bottom-style: [&hellip;]<\/p>\n","protected":false},"author":1,"featured_media":0,"parent":0,"menu_order":0,"comment_status":"closed","ping_status":"closed","template":"","meta":{"footnotes":""},"class_list":["post-335","page","type-page","status-publish","hentry"],"yoast_head":"<!-- This site is optimized with the Yoast SEO plugin v21.9 - https:\/\/yoast.com\/wordpress\/plugins\/seo\/ -->\n<title>Seguro Pack Recheio - Parceria AngoCasa e Fidelidade<\/title>\n<meta name=\"description\" content=\"Encontre o melhor seguro Pack Recheio do mercado com a ajuda da AngoCasa, a plataforma imobili\u00e1ria l\u00edder em Angola.\" \/>\n<meta name=\"robots\" content=\"index, follow, max-snippet:-1, max-image-preview:large, max-video-preview:-1\" \/>\n<link rel=\"canonical\" href=\"https:\/\/www.angocasa.com\/seguros\/\" \/>\n<meta property=\"og:locale\" content=\"en_US\" \/>\n<meta property=\"og:type\" content=\"article\" \/>\n<meta property=\"og:title\" content=\"Seguro Pack Recheio - Parceria AngoCasa e Fidelidade\" \/>\n<meta property=\"og:description\" content=\"Encontre o melhor seguro Pack Recheio do mercado com a ajuda da AngoCasa, a plataforma imobili\u00e1ria l\u00edder em Angola.\" \/>\n<meta property=\"og:url\" content=\"https:\/\/www.angocasa.com\/seguros\/\" \/>\n<meta property=\"og:site_name\" content=\"Seguro Habita\u00e7\u00e3o - AngoCasa\" \/>\n<meta property=\"article:modified_time\" content=\"2023-11-14T10:40:41+00:00\" \/>\n<meta property=\"og:image\" content=\"https:\/\/www.angocasa.com\/seguros\/wp-content\/uploads\/2023\/10\/botao.png\" \/>\n<meta name=\"twitter:card\" content=\"summary_large_image\" \/>\n<meta name=\"twitter:label1\" content=\"Est. reading time\" \/>\n\t<meta name=\"twitter:data1\" content=\"2 minutes\" \/>\n<script type=\"application\/ld+json\" class=\"yoast-schema-graph\">{\"@context\":\"https:\/\/schema.org\",\"@graph\":[{\"@type\":\"WebPage\",\"@id\":\"https:\/\/www.angocasa.com\/seguros\/\",\"url\":\"https:\/\/www.angocasa.com\/seguros\/\",\"name\":\"Seguro Pack Recheio - Parceria AngoCasa e Fidelidade\",\"isPartOf\":{\"@id\":\"https:\/\/www.angocasa.com\/seguros\/#website\"},\"datePublished\":\"2021-02-03T11:26:25+00:00\",\"dateModified\":\"2023-11-14T10:40:41+00:00\",\"description\":\"Encontre o melhor seguro Pack Recheio do mercado com a ajuda da AngoCasa, a plataforma imobili\u00e1ria l\u00edder em Angola.\",\"breadcrumb\":{\"@id\":\"https:\/\/www.angocasa.com\/seguros\/#breadcrumb\"},\"inLanguage\":\"en-US\",\"potentialAction\":[{\"@type\":\"ReadAction\",\"target\":[\"https:\/\/www.angocasa.com\/seguros\/\"]}]},{\"@type\":\"BreadcrumbList\",\"@id\":\"https:\/\/www.angocasa.com\/seguros\/#breadcrumb\",\"itemListElement\":[{\"@type\":\"ListItem\",\"position\":1,\"name\":\"Home\",\"item\":\"https:\/\/www.angocasa.com\/seguros\/\"},{\"@type\":\"ListItem\",\"position\":2,\"name\":\"AngoCasa Seguros\"}]},{\"@type\":\"WebSite\",\"@id\":\"https:\/\/www.angocasa.com\/seguros\/#website\",\"url\":\"https:\/\/www.angocasa.com\/seguros\/\",\"name\":\"Seguro Habita\u00e7\u00e3o - AngoCasa\",\"description\":\"\",\"potentialAction\":[{\"@type\":\"SearchAction\",\"target\":{\"@type\":\"EntryPoint\",\"urlTemplate\":\"https:\/\/www.angocasa.com\/seguros\/?s={search_term_string}\"},\"query-input\":\"required name=search_term_string\"}],\"inLanguage\":\"en-US\"}]}<\/script>\n<!-- \/ Yoast SEO plugin. -->","yoast_head_json":{"title":"Seguro Pack Recheio - Parceria AngoCasa e Fidelidade","description":"Encontre o melhor seguro Pack Recheio do mercado com a ajuda da AngoCasa, a plataforma imobili\u00e1ria l\u00edder em Angola.","robots":{"index":"index","follow":"follow","max-snippet":"max-snippet:-1","max-image-preview":"max-image-preview:large","max-video-preview":"max-video-preview:-1"},"canonical":"https:\/\/www.angocasa.com\/seguros\/","og_locale":"en_US","og_type":"article","og_title":"Seguro Pack Recheio - Parceria AngoCasa e Fidelidade","og_description":"Encontre o melhor seguro Pack Recheio do mercado com a ajuda da AngoCasa, a plataforma imobili\u00e1ria l\u00edder em Angola.","og_url":"https:\/\/www.angocasa.com\/seguros\/","og_site_name":"Seguro Habita\u00e7\u00e3o - AngoCasa","article_modified_time":"2023-11-14T10:40:41+00:00","og_image":[{"url":"https:\/\/www.angocasa.com\/seguros\/wp-content\/uploads\/2023\/10\/botao.png"}],"twitter_card":"summary_large_image","twitter_misc":{"Est. reading time":"2 minutes"},"schema":{"@context":"https:\/\/schema.org","@graph":[{"@type":"WebPage","@id":"https:\/\/www.angocasa.com\/seguros\/","url":"https:\/\/www.angocasa.com\/seguros\/","name":"Seguro Pack Recheio - Parceria AngoCasa e Fidelidade","isPartOf":{"@id":"https:\/\/www.angocasa.com\/seguros\/#website"},"datePublished":"2021-02-03T11:26:25+00:00","dateModified":"2023-11-14T10:40:41+00:00","description":"Encontre o melhor seguro Pack Recheio do mercado com a ajuda da AngoCasa, a plataforma imobili\u00e1ria l\u00edder em Angola.","breadcrumb":{"@id":"https:\/\/www.angocasa.com\/seguros\/#breadcrumb"},"inLanguage":"en-US","potentialAction":[{"@type":"ReadAction","target":["https:\/\/www.angocasa.com\/seguros\/"]}]},{"@type":"BreadcrumbList","@id":"https:\/\/www.angocasa.com\/seguros\/#breadcrumb","itemListElement":[{"@type":"ListItem","position":1,"name":"Home","item":"https:\/\/www.angocasa.com\/seguros\/"},{"@type":"ListItem","position":2,"name":"AngoCasa Seguros"}]},{"@type":"WebSite","@id":"https:\/\/www.angocasa.com\/seguros\/#website","url":"https:\/\/www.angocasa.com\/seguros\/","name":"Seguro Habita\u00e7\u00e3o - AngoCasa","description":"","potentialAction":[{"@type":"SearchAction","target":{"@type":"EntryPoint","urlTemplate":"https:\/\/www.angocasa.com\/seguros\/?s={search_term_string}"},"query-input":"required name=search_term_string"}],"inLanguage":"en-US"}]}},"_links":{"self":[{"href":"https:\/\/www.angocasa.com\/seguros\/wp-json\/wp\/v2\/pages\/335","targetHints":{"allow":["GET"]}}],"collection":[{"href":"https:\/\/www.angocasa.com\/seguros\/wp-json\/wp\/v2\/pages"}],"about":[{"href":"https:\/\/www.angocasa.com\/seguros\/wp-json\/wp\/v2\/types\/page"}],"author":[{"embeddable":true,"href":"https:\/\/www.angocasa.com\/seguros\/wp-json\/wp\/v2\/users\/1"}],"replies":[{"embeddable":true,"href":"https:\/\/www.angocasa.com\/seguros\/wp-json\/wp\/v2\/comments?post=335"}],"version-history":[{"count":132,"href":"https:\/\/www.angocasa.com\/seguros\/wp-json\/wp\/v2\/pages\/335\/revisions"}],"predecessor-version":[{"id":1155,"href":"https:\/\/www.angocasa.com\/seguros\/wp-json\/wp\/v2\/pages\/335\/revisions\/1155"}],"wp:attachment":[{"href":"https:\/\/www.angocasa.com\/seguros\/wp-json\/wp\/v2\/media?parent=335"}],"curies":[{"name":"wp","href":"https:\/\/api.w.org\/{rel}","templated":true}]}}